{"id":3302,"date":"2019-03-26T19:51:58","date_gmt":"2019-03-26T19:51:58","guid":{"rendered":"http:\/\/www.magnioferta.pt\/?page_id=3302"},"modified":"2019-03-26T19:53:40","modified_gmt":"2019-03-26T19:53:40","slug":"politica-de-cookies","status":"publish","type":"page","link":"https:\/\/www.magnioferta.pt\/index.php\/politica-de-cookies\/","title":{"rendered":"Pol\u00edtica de Cookies"},"content":{"rendered":"<section class=\"wpb-content-wrapper\"><p>[vc_row][vc_column][vc_empty_space][vc_column_text]<\/p>\n<p align=\"justify\"><strong>O que \u00e9 um cookie?<\/strong><\/p>\n<p align=\"justify\">Um cookie \u00e9 um pequeno ficheiro de texto que um site coloca no seu computador, telefone ou qualquer outro dispositivo com acesso \u00e0 internet, contendo informa\u00e7\u00e3o sobre a sua navega\u00e7\u00e3o nesse site. Os cookies s\u00e3o utilizados para facilitar a navega\u00e7\u00e3o e torn\u00e1-la mais simples, e n\u00e3o danificam o seu computador.<\/p>\n<p align=\"justify\"><strong>Para que se utilizam os cookies neste site?<\/strong><\/p>\n<p align=\"justify\">Os nossos cookies t\u00eam diferentes fun\u00e7\u00f5es:<\/p>\n<p align=\"justify\">\u2013 <strong>Cookies Essenciais:<\/strong> alguns cookies s\u00e3o essenciais para aceder a \u00e1reas espec\u00edficas do nosso site. Permitem a navega\u00e7\u00e3o no site e a utiliza\u00e7\u00e3o das suas aplica\u00e7\u00f5es, tal como aceder a \u00e1reas seguras do site atrav\u00e9s de login. Sem estes cookies, os servi\u00e7os que o exijam n\u00e3o podem ser prestados.<\/p>\n<p align=\"justify\">\u2013 <strong>Cookies Anal\u00edticos:<\/strong> utilizamos estes cookies para analisar a forma como os utilizadores usam o site e monitorizar a performance deste. Isto permite-nos fornecer uma experi\u00eancia de alta qualidade ao personalizar a nossa oferta e rapidamente identificar e corrigir quaisquer problemas que surjam. Por exemplo, usamos cookies de desempenho para saber quais as p\u00e1ginas mais populares, qual o m\u00e9todo de liga\u00e7\u00e3o entre p\u00e1ginas que \u00e9 mais eficaz, ou para determinar a raz\u00e3o de algumas p\u00e1ginas estarem a receber mensagens de erro. Baseado na utiliza\u00e7\u00e3o do site, podemos tamb\u00e9m utilizar estes cookies para destacar artigos ou servi\u00e7os do site que pensamos ser do interesse dos utilizadores. Estes cookies s\u00e3o utilizados apenas para efeitos de cria\u00e7\u00e3o e an\u00e1lise estat\u00edstica, sem nunca recolher informa\u00e7\u00e3o de car\u00e1cter pessoal.<\/p>\n<p align=\"justify\">\u2013 <strong>Cookies de Funcionalidade:<\/strong> utilizamos cookies de funcionalidade para nos permitir relembrar as prefer\u00eancias do utilizador. Por exemplo, os cookies evitam digitar o nome do utilizador cada vez que este acede ao site.<\/p>\n<p align=\"justify\">Em resumo, os cookies de funcionalidade guardam as prefer\u00eancias do utilizador relativamente \u00e0 utiliza\u00e7\u00e3o do site, de forma que n\u00e3o seja necess\u00e1rio voltar a configurar o site cada vez que o visita.<\/p>\n<p align=\"justify\"><strong>Os cookies utilizados podem ser:<\/strong><\/p>\n<p align=\"justify\">\u2013 <strong>Cookies Permanentes:<\/strong> ficam armazenados ao n\u00edvel do navegador de internet (browser) nos seus dispositivos de acesso (pc, mobile e tablet) e s\u00e3o utilizados sempre que o utilizador faz uma nova visita ao site. Geralmente s\u00e3o utilizados para direccionar a navega\u00e7\u00e3o de acordo com os interesses do utilizador, permitindo-nos prestar um servi\u00e7o mais personalizado.<\/p>\n<p align=\"justify\">\u2013 <strong>Cookies de Sess\u00e3o:<\/strong> s\u00e3o tempor\u00e1rios, permanecem nos cookies do seu navegador de internet (browser) at\u00e9 sair do site. A informa\u00e7\u00e3o obtida permite identificar problemas e fornecer uma melhor experi\u00eancia de navega\u00e7\u00e3o.<\/p>\n<p align=\"justify\"><strong>\u00c9 poss\u00edvel desactivar a utiliza\u00e7\u00e3o de cookies?<\/strong><\/p>\n<p align=\"justify\">Sim, os cookies podem ser desactivados no seu browser. Note-se, no entanto, que, ao desactivar as cookies, pode impedir que alguns servi\u00e7os da web funcionem correctamente, afectando, parcial ou totalmente, a navega\u00e7\u00e3o no website.<\/p>\n<p align=\"justify\">Se pretende bloquear ou apagar os cookies deste site, pode faz\u00ea-lo modificando a configura\u00e7\u00e3o do seu browser. Embora a parametriza\u00e7\u00e3o de cada um seja diferente, \u00e9 comum que se configure no menu de \u201cPrefer\u00eancias\u201d ou \u201cFerramentas\u201d. Para mais detalhes sobre a configura\u00e7\u00e3o dos cookies, consulte o menu \u201cAjuda\u201d do seu browser.<\/p>\n<p>[\/vc_column_text][vc_empty_space height=&#8221;40px&#8221;][\/vc_column][\/vc_row]<\/p>\n<\/section>","protected":false},"excerpt":{"rendered":"<p>[vc_row][vc_column][vc_empty_space][vc_column_text] O que \u00e9 um cookie? Um cookie \u00e9 um pequeno ficheiro de texto que um site coloca no seu computador, telefone ou qualquer outro dispositivo com acesso \u00e0 internet,&#8230;<\/p>\n","protected":false},"author":1,"featured_media":0,"parent":0,"menu_order":0,"comment_status":"closed","ping_status":"closed","template":"","meta":{"footnotes":""},"_links":{"self":[{"href":"https:\/\/www.magnioferta.pt\/index.php\/wp-json\/wp\/v2\/pages\/3302"}],"collection":[{"href":"https:\/\/www.magnioferta.pt\/index.php\/wp-json\/wp\/v2\/pages"}],"about":[{"href":"https:\/\/www.magnioferta.pt\/index.php\/wp-json\/wp\/v2\/types\/page"}],"author":[{"embeddable":true,"href":"https:\/\/www.magnioferta.pt\/index.php\/wp-json\/wp\/v2\/users\/1"}],"replies":[{"embeddable":true,"href":"https:\/\/www.magnioferta.pt\/index.php\/wp-json\/wp\/v2\/comments?post=3302"}],"version-history":[{"count":1,"href":"https:\/\/www.magnioferta.pt\/index.php\/wp-json\/wp\/v2\/pages\/3302\/revisions"}],"predecessor-version":[{"id":3303,"href":"https:\/\/www.magnioferta.pt\/index.php\/wp-json\/wp\/v2\/pages\/3302\/revisions\/3303"}],"wp:attachment":[{"href":"https:\/\/www.magnioferta.pt\/index.php\/wp-json\/wp\/v2\/media?parent=3302"}],"curies":[{"name":"wp","href":"https:\/\/api.w.org\/{rel}","templated":true}]}}