{"id":3294,"date":"2019-03-26T19:36:30","date_gmt":"2019-03-26T19:36:30","guid":{"rendered":"http:\/\/www.magnioferta.pt\/?page_id=3294"},"modified":"2019-03-26T19:46:50","modified_gmt":"2019-03-26T19:46:50","slug":"magnioferta-limpezas","status":"publish","type":"page","link":"https:\/\/www.magnioferta.pt\/index.php\/magnioferta-limpezas\/","title":{"rendered":"Magnioferta Limpezas"},"content":{"rendered":"<section class=\"wpb-content-wrapper\"><p>[vc_row][vc_column][vc_single_image image=&#8221;3297&#8243; img_size=&#8221;full&#8221;][\/vc_column][\/vc_row][vc_row][vc_column]<div class=\"mgt-header-block clearfix text-left text-black wpb_content_element  mgt-header-block-style-1 mgt-header-texttransform-header \"><h2 class=\"mgt-header-block-title\">LIMPEZAS PROFISSIONAIS<\/h2><div class=\"mgt-header-line\"><\/div><\/div>[vc_column_text]Equipa jovem e dinamica, destacamo-nos pela qualidade dos nossos servi\u00e7os, pela aten\u00e7\u00e3o prestada aos nossos clientes e pela responsabilidade e forma\u00e7\u00e3o atribu\u00edda aos nossos colaboradores.<\/p>\n<p align=\"justify\"><strong>Prestamos servi\u00e7os de limpeza em :<\/strong><\/p>\n<p align=\"justify\">-Escrit\u00f3rios, infant\u00e1rios, escolas, condominios, restaurantes, hoteis, obras, garagens, clinicas, lares<\/p>\n<p align=\"justify\">Os servi\u00e7os poder\u00e3o ser executados de uma forma regular (di\u00e1ria, semanal, quinzenal ou mensal)<\/p>\n<p align=\"justify\">As limpezas ser\u00e3o feitas de uma forma geral ou profunda, com ou sem tratamento de roupas<\/p>\n<p>[\/vc_column_text][vc_empty_space height=&#8221;20px&#8221;][vc_empty_space height=&#8221;20px&#8221;][\/vc_column][\/vc_row][vc_row css=&#8221;.vc_custom_1459500687188{margin-bottom: 50px !important;}&#8221;][vc_column]<div class=\"mgt-cta-block clearfix parallax black-text with-text wpb_content_element\" data-style=\"background-color: #f5f5f5;\"><div class=\"mgt-button-wrapper mgt-button-wrapper-align-right mgt-button-wrapper-display-newline mgt-button-top-margin-disable\"><a class=\"btn hvr-bounce-to-right mgt-button mgt-style-solid-invert mgt-size-normal mgt-align-right mgt-display-newline mgt-text-size-normal mgt-button-icon-position-left mgt-text-transform-uppercase \" href=\"http:\/\/www.magnioferta.pt\/index.php\/contactos\">SOLICITAR PROPOSTA<\/a><\/div><h5 class=\"mgt-cta-block-header\">MAGNIOFERTA LIMPEZAS<\/h5><div class=\"mgt-cta-block-content\"><span style=\"color: #3baeff\">PE\u00c7A J\u00c1 O SEU OR\u00c7AMENTO!<\/span><\/div><\/div>[\/vc_column][\/vc_row]<\/p>\n<\/section>","protected":false},"excerpt":{"rendered":"<p>[vc_row][vc_column][vc_single_image image=&#8221;3297&#8243; img_size=&#8221;full&#8221;][\/vc_column][\/vc_row][vc_row][vc_column][vc_column_text]Equipa jovem e dinamica, destacamo-nos pela qualidade dos nossos servi\u00e7os, pela aten\u00e7\u00e3o prestada aos nossos clientes e pela responsabilidade e forma\u00e7\u00e3o atribu\u00edda aos nossos colaboradores. Prestamos servi\u00e7os de&#8230;<\/p>\n","protected":false},"author":1,"featured_media":0,"parent":0,"menu_order":0,"comment_status":"closed","ping_status":"closed","template":"","meta":{"footnotes":""},"_links":{"self":[{"href":"https:\/\/www.magnioferta.pt\/index.php\/wp-json\/wp\/v2\/pages\/3294"}],"collection":[{"href":"https:\/\/www.magnioferta.pt\/index.php\/wp-json\/wp\/v2\/pages"}],"about":[{"href":"https:\/\/www.magnioferta.pt\/index.php\/wp-json\/wp\/v2\/types\/page"}],"author":[{"embeddable":true,"href":"https:\/\/www.magnioferta.pt\/index.php\/wp-json\/wp\/v2\/users\/1"}],"replies":[{"embeddable":true,"href":"https:\/\/www.magnioferta.pt\/index.php\/wp-json\/wp\/v2\/comments?post=3294"}],"version-history":[{"count":3,"href":"https:\/\/www.magnioferta.pt\/index.php\/wp-json\/wp\/v2\/pages\/3294\/revisions"}],"predecessor-version":[{"id":3299,"href":"https:\/\/www.magnioferta.pt\/index.php\/wp-json\/wp\/v2\/pages\/3294\/revisions\/3299"}],"wp:attachment":[{"href":"https:\/\/www.magnioferta.pt\/index.php\/wp-json\/wp\/v2\/media?parent=3294"}],"curies":[{"name":"wp","href":"https:\/\/api.w.org\/{rel}","templated":true}]}}