{"id":3290,"date":"2019-03-26T19:26:57","date_gmt":"2019-03-26T19:26:57","guid":{"rendered":"http:\/\/www.magnioferta.pt\/?page_id=3290"},"modified":"2019-03-28T12:40:40","modified_gmt":"2019-03-28T12:40:40","slug":"candidatos","status":"publish","type":"page","link":"https:\/\/www.magnioferta.pt\/index.php\/candidatos\/","title":{"rendered":"Candidatos"},"content":{"rendered":"<section class=\"wpb-content-wrapper\"><p>[vc_row][vc_column width=&#8221;1\/2&#8243; css=&#8221;.vc_custom_1553774176348{padding-right: 25px !important;}&#8221;][vc_empty_space height=&#8221;40px&#8221;][vc_single_image image=&#8221;3358&#8243; img_size=&#8221;full&#8221; onclick=&#8221;link_image&#8221;]<div class=\"mgt-header-block clearfix text-left text-black wpb_content_element  mgt-header-block-style-1 mgt-header-texttransform-header \"><h2 class=\"mgt-header-block-title\">Vantagens do Trabalho Tempor\u00e1rio<\/h2><div class=\"mgt-header-line\"><\/div><\/div>[vc_column_text]<strong>Trabalhador:<\/strong><\/p>\n<ul>\n<li>Acesso a um posto de trabalho em fun\u00e7\u00e3o das suas qualifica\u00e7\u00f5es.<\/li>\n<li>Integra\u00e7\u00e3o em empresas em franca expans\u00e3o quer a n\u00edvel Nacional e Internacional.<\/li>\n<li>Enriquecimento do seu Curr\u00edculo Vitae.<\/li>\n<li>Cumprimento das quest\u00f5es legais (exames m\u00e9dicos, forma\u00e7\u00e3o, EPI\u00b4s, etc).<\/li>\n<\/ul>\n<p>[\/vc_column_text][vc_empty_space height=&#8221;40px&#8221;][\/vc_column][vc_column width=&#8221;1\/2&#8243; css=&#8221;.vc_custom_1553774185950{padding-left: 25px !important;}&#8221;]<div class=\"mgt-header-block clearfix text-left text-black wpb_content_element  mgt-header-block-style-1 mgt-header-texttransform-header \"><h2 class=\"mgt-header-block-title\">Envie-nos a sua Candidatura !<\/h2><div class=\"mgt-header-line\"><\/div><\/div><div role=\"form\" class=\"wpcf7\" id=\"wpcf7-f3355-o1\" lang=\"pt-PT\" dir=\"ltr\">\n<div class=\"screen-reader-response\"><\/div>\n<form action=\"\/index.php\/wp-json\/wp\/v2\/pages\/3290#wpcf7-f3355-o1\" method=\"post\" class=\"wpcf7-form\" enctype=\"multipart\/form-data\" novalidate=\"novalidate\">\n<div style=\"display: none;\">\n<input type=\"hidden\" name=\"_wpcf7\" value=\"3355\" \/>\n<input type=\"hidden\" name=\"_wpcf7_version\" value=\"5.1.7\" \/>\n<input type=\"hidden\" name=\"_wpcf7_locale\" value=\"pt_PT\" \/>\n<input type=\"hidden\" name=\"_wpcf7_unit_tag\" value=\"wpcf7-f3355-o1\" \/>\n<input type=\"hidden\" name=\"_wpcf7_container_post\" value=\"0\" \/>\n<\/div>\n<p><span class=\"wpcf7-form-control-wrap your-name\"><input type=\"text\" name=\"your-name\" value=\"\" size=\"40\" class=\"wpcf7-form-control wpcf7-text wpcf7-validates-as-required\" aria-required=\"true\" aria-invalid=\"false\" placeholder=\"Nome *\" \/><\/span><\/p>\n<p><span class=\"wpcf7-form-control-wrap your-email\"><input type=\"email\" name=\"your-email\" value=\"\" size=\"40\" class=\"wpcf7-form-control wpcf7-text wpcf7-email wpcf7-validates-as-required wpcf7-validates-as-email\" aria-required=\"true\" aria-invalid=\"false\" placeholder=\"Email *\" \/><\/span><\/p>\n<p><span class=\"wpcf7-form-control-wrap your-phone\"><input type=\"text\" name=\"your-phone\" value=\"\" size=\"40\" class=\"wpcf7-form-control wpcf7-text wpcf7-validates-as-required\" aria-required=\"true\" aria-invalid=\"false\" placeholder=\"Telefone *\" \/><\/span><\/p>\n<p><span class=\"wpcf7-form-control-wrap text100\"><input type=\"text\" name=\"text100\" value=\"\" size=\"40\" class=\"wpcf7-form-control wpcf7-text wpcf7-validates-as-required\" aria-required=\"true\" aria-invalid=\"false\" placeholder=\"Fun\u00e7\u00e3o Pretendida *\" \/><\/span><\/p>\n<p><span class=\"wpcf7-form-control-wrap text200\"><input type=\"text\" name=\"text200\" value=\"\" size=\"40\" class=\"wpcf7-form-control wpcf7-text wpcf7-validates-as-required\" aria-required=\"true\" aria-invalid=\"false\" placeholder=\"Local e Hor\u00e1rio de Trabalho *\" \/><\/span><\/p>\n<p>Anexar Curriculum Vitae<\/p>\n<p><span class=\"wpcf7-form-control-wrap File\"><input type=\"file\" name=\"File\" size=\"40\" class=\"wpcf7-form-control wpcf7-file\" accept=\".pdf,.png,.jpg,.jpeg,.doc\" aria-invalid=\"false\" \/><\/span><\/p>\n<p><span class=\"wpcf7-form-control-wrap your-message\"><textarea name=\"your-message\" cols=\"40\" rows=\"10\" class=\"wpcf7-form-control wpcf7-textarea\" aria-invalid=\"false\" placeholder=\"Mensagem\"><\/textarea><\/span><\/p>\n<p><span class=\"wpcf7-form-control-wrap acceptance-436\"><span class=\"wpcf7-form-control wpcf7-acceptance\"><span class=\"wpcf7-list-item\"><label><input type=\"checkbox\" name=\"acceptance-436\" value=\"1\" aria-invalid=\"false\" \/><span class=\"wpcf7-list-item-label\">* Eu concordo e que as informa\u00e7\u00f5es fornecidas atrav\u00e9s deste site sejam armazenadas e processadas com o prop\u00f3sito de informa\u00e7\u00e3o sobre produtos e servi\u00e7os. Consulte a nossa Pol\u00edtica de Privacidade.<\/span><\/label><\/span><\/span><\/span><br \/>\n&nbsp;<br \/>\n<input type=\"submit\" value=\"ENVIAR\" class=\"wpcf7-form-control wpcf7-submit\" \/><\/p>\n<div class=\"wpcf7-response-output wpcf7-display-none\"><\/div><\/form><\/div>[vc_empty_space height=&#8221;40px&#8221;][\/vc_column][\/vc_row][vc_row css=&#8221;.vc_custom_1459500687188{margin-bottom: 50px !important;}&#8221;][vc_column]<div class=\"mgt-cta-block clearfix parallax black-text with-text wpb_content_element\" data-style=\"background-color: #f4f4f4;\"><div class=\"mgt-button-wrapper mgt-button-wrapper-align-right mgt-button-wrapper-display-newline mgt-button-top-margin-disable\"><a class=\"btn hvr-bounce-to-right mgt-button mgt-style-solid-invert mgt-size-normal mgt-align-right mgt-display-newline mgt-text-size-normal mgt-button-icon-position-left mgt-text-transform-uppercase \" href=\"http:\/\/www.magnioferta.pt\/index.php\/contactos\/\">FALE CONNOSCO<\/a><\/div><h5 class=\"mgt-cta-block-header\">MAGNIOFERTA<\/h5><div class=\"mgt-cta-block-content\"><span style=\"color: #3baeff\">EMPRESA DE TRABALHO TEMPOR\u00c1RIO<\/span><\/div><\/div>[\/vc_column][\/vc_row]<\/p>\n<\/section>","protected":false},"excerpt":{"rendered":"<p>[vc_row][vc_column width=&#8221;1\/2&#8243; css=&#8221;.vc_custom_1553774176348{padding-right: 25px !important;}&#8221;][vc_empty_space height=&#8221;40px&#8221;][vc_single_image image=&#8221;3358&#8243; img_size=&#8221;full&#8221; onclick=&#8221;link_image&#8221;][vc_column_text]Trabalhador: Acesso a um posto de trabalho em fun\u00e7\u00e3o das suas qualifica\u00e7\u00f5es. Integra\u00e7\u00e3o em empresas em franca expans\u00e3o quer a n\u00edvel Nacional&#8230;<\/p>\n","protected":false},"author":1,"featured_media":0,"parent":0,"menu_order":0,"comment_status":"closed","ping_status":"closed","template":"","meta":{"footnotes":""},"_links":{"self":[{"href":"https:\/\/www.magnioferta.pt\/index.php\/wp-json\/wp\/v2\/pages\/3290"}],"collection":[{"href":"https:\/\/www.magnioferta.pt\/index.php\/wp-json\/wp\/v2\/pages"}],"about":[{"href":"https:\/\/www.magnioferta.pt\/index.php\/wp-json\/wp\/v2\/types\/page"}],"author":[{"embeddable":true,"href":"https:\/\/www.magnioferta.pt\/index.php\/wp-json\/wp\/v2\/users\/1"}],"replies":[{"embeddable":true,"href":"https:\/\/www.magnioferta.pt\/index.php\/wp-json\/wp\/v2\/comments?post=3290"}],"version-history":[{"count":5,"href":"https:\/\/www.magnioferta.pt\/index.php\/wp-json\/wp\/v2\/pages\/3290\/revisions"}],"predecessor-version":[{"id":3359,"href":"https:\/\/www.magnioferta.pt\/index.php\/wp-json\/wp\/v2\/pages\/3290\/revisions\/3359"}],"wp:attachment":[{"href":"https:\/\/www.magnioferta.pt\/index.php\/wp-json\/wp\/v2\/media?parent=3290"}],"curies":[{"name":"wp","href":"https:\/\/api.w.org\/{rel}","templated":true}]}}