{"id":3224,"date":"2019-03-25T21:52:39","date_gmt":"2019-03-25T21:52:39","guid":{"rendered":"http:\/\/www.magnioferta.pt\/?page_id=3224"},"modified":"2019-03-27T12:25:43","modified_gmt":"2019-03-27T12:25:43","slug":"portfolio","status":"publish","type":"page","link":"https:\/\/www.magnioferta.pt\/index.php\/portfolio\/","title":{"rendered":"Portf\u00f3lio"},"content":{"rendered":"<section class=\"wpb-content-wrapper\"><p>[vc_row][vc_column]\r\n\t\t<div class=\"row portfolio-filter filter-left\">\r\n\t\t<div class=\"col-md-12\">\r\n\t\t<a class=\"filter\" data-filter=\"all\">TODOS<\/a><a class=\"filter\" data-filter=\".magnioferta-angola\">Magnioferta Angola<\/a><a class=\"filter\" data-filter=\".magnioferta-portugal\">Magnioferta Portugal<\/a>\t\t<\/div>\r\n\t<\/div>\r\n\t\r\n\t<div class=\"portfolio-list portfolio-columns-4 portfolio-grid-layout-3  portfolio-with-spaces clearfix\" id=\"portfolio-list\">\r\n\r\n\t\t<div class=\"portfolio-item-block portfolio-item-animation-0 mix magnioferta-portugal\" data-item=\"1\" data-name=\"Constru\u00e7\u00e3o Moradia &#8211; Caparica\">\r\n\t<div class=\"portfolio-item-block-inside\">\r\n\t  <a href=\"https:\/\/www.magnioferta.pt\/index.php\/project\/construcao-moradia-caparica\/\" target=\"_self\" rel=\"\" title=\"Constru\u00e7\u00e3o Moradia &#8211; Caparica\">\r\n\t    <div class=\"portfolio-item-image\" data-style=\"background-image: url(https:\/\/www.magnioferta.pt\/wp-content\/uploads\/2019\/05\/constru\u00ba\u00fao-de-moradia-caparica-3-min-1024x900.jpg);\"><\/div>\r\n\t    <div class=\"portfolio-item-bg\"><\/div>\r\n\t    <div class=\"info\">\r\n\t      <span class=\"sub-title\">Magnioferta Portugal<\/span>\r\n\t      <h4 class=\"title\">Constru\u00e7\u00e3o Moradia &#8211; Caparica<\/h4>\r\n\t      \t      \t      <div class=\"view-more btn mgt-button\">View more<\/div>\r\n\t  \t  \t    <\/div>\r\n\t  <\/a>\r\n\t<\/div>\r\n\t<\/div>\r\n\t\t<div class=\"portfolio-item-block portfolio-item-animation-0 mix magnioferta-portugal\" data-item=\"2\" data-name=\"Ramada &#8211; Odivelas\">\r\n\t<div class=\"portfolio-item-block-inside\">\r\n\t  <a href=\"https:\/\/www.magnioferta.pt\/index.php\/project\/ramada-odivelas\/\" target=\"_self\" rel=\"\" title=\"Ramada &#8211; Odivelas\">\r\n\t    <div class=\"portfolio-item-image\" data-style=\"background-image: url(https:\/\/www.magnioferta.pt\/wp-content\/uploads\/2019\/05\/constru\u00ba\u00fao-civil-odivelas-2-min-1024x1024.jpg);\"><\/div>\r\n\t    <div class=\"portfolio-item-bg\"><\/div>\r\n\t    <div class=\"info\">\r\n\t      <span class=\"sub-title\">Magnioferta Portugal<\/span>\r\n\t      <h4 class=\"title\">Ramada &#8211; Odivelas<\/h4>\r\n\t      \t      \t      <div class=\"view-more btn mgt-button\">View more<\/div>\r\n\t  \t  \t    <\/div>\r\n\t  <\/a>\r\n\t<\/div>\r\n\t<\/div>\r\n\t\t<div class=\"portfolio-item-block portfolio-item-animation-0 mix magnioferta-angola\" data-item=\"3\" data-name=\"Arrowinvest\">\r\n\t<div class=\"portfolio-item-block-inside\">\r\n\t  <a href=\"https:\/\/www.magnioferta.pt\/index.php\/project\/arrowinvest\/\" target=\"_self\" rel=\"\" title=\"Arrowinvest\">\r\n\t    <div class=\"portfolio-item-image\" data-style=\"background-image: url(https:\/\/www.magnioferta.pt\/wp-content\/uploads\/2019\/05\/big_foto_206.jpg);\"><\/div>\r\n\t    <div class=\"portfolio-item-bg\"><\/div>\r\n\t    <div class=\"info\">\r\n\t      <span class=\"sub-title\">Magnioferta Angola<\/span>\r\n\t      <h4 class=\"title\">Arrowinvest<\/h4>\r\n\t      \t      \t      <div class=\"view-more btn mgt-button\">View more<\/div>\r\n\t  \t  \t    <\/div>\r\n\t  <\/a>\r\n\t<\/div>\r\n\t<\/div>\r\n\t\t<div class=\"portfolio-item-block portfolio-item-animation-0 mix magnioferta-portugal\" data-item=\"1\" data-name=\"Constru\u00e7\u00e3o de Moradia\">\r\n\t<div class=\"portfolio-item-block-inside\">\r\n\t  <a href=\"https:\/\/www.magnioferta.pt\/index.php\/project\/construcao-de-moradia\/\" target=\"_self\" rel=\"\" title=\"Constru\u00e7\u00e3o de Moradia\">\r\n\t    <div class=\"portfolio-item-image\" data-style=\"background-image: url(https:\/\/www.magnioferta.pt\/wp-content\/uploads\/2019\/05\/big_constru_C3_A7_C3_A3o_20moradia_20em_20Belas_20_284_29.jpg);\"><\/div>\r\n\t    <div class=\"portfolio-item-bg\"><\/div>\r\n\t    <div class=\"info\">\r\n\t      <span class=\"sub-title\">Magnioferta Portugal<\/span>\r\n\t      <h4 class=\"title\">Constru\u00e7\u00e3o de Moradia<\/h4>\r\n\t      \t      \t      <div class=\"view-more btn mgt-button\">View more<\/div>\r\n\t  \t  \t    <\/div>\r\n\t  <\/a>\r\n\t<\/div>\r\n\t<\/div>\r\n\t\t<div class=\"portfolio-item-block portfolio-item-animation-0 mix magnioferta-angola\" data-item=\"2\" data-name=\"Centro Comercial Gika Shopping\">\r\n\t<div class=\"portfolio-item-block-inside\">\r\n\t  <a href=\"https:\/\/www.magnioferta.pt\/index.php\/project\/centro-comercial-gika-shopping\/\" target=\"_self\" rel=\"\" title=\"Centro Comercial Gika Shopping\">\r\n\t    <div class=\"portfolio-item-image\" data-style=\"background-image: url(https:\/\/www.magnioferta.pt\/wp-content\/uploads\/2019\/05\/big_IMG_1703.jpg);\"><\/div>\r\n\t    <div class=\"portfolio-item-bg\"><\/div>\r\n\t    <div class=\"info\">\r\n\t      <span class=\"sub-title\">Magnioferta Angola<\/span>\r\n\t      <h4 class=\"title\">Centro Comercial Gika Shopping<\/h4>\r\n\t      \t      \t      <div class=\"view-more btn mgt-button\">View more<\/div>\r\n\t  \t  \t    <\/div>\r\n\t  <\/a>\r\n\t<\/div>\r\n\t<\/div>\r\n\t\t<div class=\"portfolio-item-block portfolio-item-animation-0 mix magnioferta-portugal\" data-item=\"3\" data-name=\"Constru\u00e7\u00e3o de Moradia\">\r\n\t<div class=\"portfolio-item-block-inside\">\r\n\t  <a href=\"https:\/\/www.magnioferta.pt\/index.php\/project\/construcao-de-moradia-2\/\" target=\"_self\" rel=\"\" title=\"Constru\u00e7\u00e3o de Moradia\">\r\n\t    <div class=\"portfolio-item-image\" data-style=\"background-image: url(https:\/\/www.magnioferta.pt\/wp-content\/uploads\/2019\/05\/big_20180417_153049.jpg);\"><\/div>\r\n\t    <div class=\"portfolio-item-bg\"><\/div>\r\n\t    <div class=\"info\">\r\n\t      <span class=\"sub-title\">Magnioferta Portugal<\/span>\r\n\t      <h4 class=\"title\">Constru\u00e7\u00e3o de Moradia<\/h4>\r\n\t      \t      \t      <div class=\"view-more btn mgt-button\">View more<\/div>\r\n\t  \t  \t    <\/div>\r\n\t  <\/a>\r\n\t<\/div>\r\n\t<\/div>\r\n\t\t<div class=\"portfolio-item-block portfolio-item-animation-0 mix magnioferta-portugal\" data-item=\"1\" data-name=\"Nice &#8211; Fran\u00e7a\">\r\n\t<div class=\"portfolio-item-block-inside\">\r\n\t  <a href=\"https:\/\/www.magnioferta.pt\/index.php\/project\/nice-franca\/\" target=\"_self\" rel=\"\" title=\"Nice &#8211; Fran\u00e7a\">\r\n\t    <div class=\"portfolio-item-image\" data-style=\"background-image: url(https:\/\/www.magnioferta.pt\/wp-content\/uploads\/2019\/03\/big_20-min.jpg);\"><\/div>\r\n\t    <div class=\"portfolio-item-bg\"><\/div>\r\n\t    <div class=\"info\">\r\n\t      <span class=\"sub-title\">Magnioferta Portugal<\/span>\r\n\t      <h4 class=\"title\">Nice &#8211; Fran\u00e7a<\/h4>\r\n\t      \t      \t      <div class=\"view-more btn mgt-button\">View more<\/div>\r\n\t  \t  \t    <\/div>\r\n\t  <\/a>\r\n\t<\/div>\r\n\t<\/div>\r\n\t\t<div class=\"portfolio-item-block portfolio-item-animation-0 mix magnioferta-portugal\" data-item=\"2\" data-name=\"Esta\u00e7\u00f5es Barcarena e Cac\u00e9m &#8211; Edifer\">\r\n\t<div class=\"portfolio-item-block-inside\">\r\n\t  <a href=\"https:\/\/www.magnioferta.pt\/index.php\/project\/estacoes-barcarena-e-cacem\/\" target=\"_self\" rel=\"\" title=\"Esta\u00e7\u00f5es Barcarena e Cac\u00e9m &#8211; Edifer\">\r\n\t    <div class=\"portfolio-item-image\" data-style=\"background-image: url(https:\/\/www.magnioferta.pt\/wp-content\/uploads\/2019\/03\/big_13-min.jpg);\"><\/div>\r\n\t    <div class=\"portfolio-item-bg\"><\/div>\r\n\t    <div class=\"info\">\r\n\t      <span class=\"sub-title\">Magnioferta Portugal<\/span>\r\n\t      <h4 class=\"title\">Esta\u00e7\u00f5es Barcarena e Cac\u00e9m &#8211; Edifer<\/h4>\r\n\t      \t      \t      <div class=\"view-more btn mgt-button\">View more<\/div>\r\n\t  \t  \t    <\/div>\r\n\t  <\/a>\r\n\t<\/div>\r\n\t<\/div>\r\n\t\t<div class=\"portfolio-item-block portfolio-item-animation-0 mix magnioferta-angola\" data-item=\"3\" data-name=\"Sul Engenharia\">\r\n\t<div class=\"portfolio-item-block-inside\">\r\n\t  <a href=\"https:\/\/www.magnioferta.pt\/index.php\/project\/sul-engenharia\/\" target=\"_self\" rel=\"\" title=\"Sul Engenharia\">\r\n\t    <div class=\"portfolio-item-image\" data-style=\"background-image: url(https:\/\/www.magnioferta.pt\/wp-content\/uploads\/2019\/03\/big_DSCF0401-min.jpg);\"><\/div>\r\n\t    <div class=\"portfolio-item-bg\"><\/div>\r\n\t    <div class=\"info\">\r\n\t      <span class=\"sub-title\">Magnioferta Angola<\/span>\r\n\t      <h4 class=\"title\">Sul Engenharia<\/h4>\r\n\t      \t      \t      <div class=\"view-more btn mgt-button\">View more<\/div>\r\n\t  \t  \t    <\/div>\r\n\t  <\/a>\r\n\t<\/div>\r\n\t<\/div>\r\n\t\t<div class=\"portfolio-item-block portfolio-item-animation-0 mix magnioferta-portugal\" data-item=\"1\" data-name=\"Remodela\u00e7\u00e3o de Moradia\">\r\n\t<div class=\"portfolio-item-block-inside\">\r\n\t  <a href=\"https:\/\/www.magnioferta.pt\/index.php\/project\/remodelacao-de-moradia\/\" target=\"_self\" rel=\"\" title=\"Remodela\u00e7\u00e3o de Moradia\">\r\n\t    <div class=\"portfolio-item-image\" data-style=\"background-image: url(https:\/\/www.magnioferta.pt\/wp-content\/uploads\/2019\/03\/big_2013-03-27_2016_24_56-min.jpg);\"><\/div>\r\n\t    <div class=\"portfolio-item-bg\"><\/div>\r\n\t    <div class=\"info\">\r\n\t      <span class=\"sub-title\">Magnioferta Portugal<\/span>\r\n\t      <h4 class=\"title\">Remodela\u00e7\u00e3o de Moradia<\/h4>\r\n\t      \t      \t      <div class=\"view-more btn mgt-button\">View more<\/div>\r\n\t  \t  \t    <\/div>\r\n\t  <\/a>\r\n\t<\/div>\r\n\t<\/div>\r\n\t\t<div class=\"portfolio-item-block portfolio-item-animation-0 mix magnioferta-angola\" data-item=\"2\" data-name=\"Ba\u00eda de Luanda\">\r\n\t<div class=\"portfolio-item-block-inside\">\r\n\t  <a href=\"https:\/\/www.magnioferta.pt\/index.php\/project\/baia-de-luanda\/\" target=\"_self\" rel=\"\" title=\"Ba\u00eda de Luanda\">\r\n\t    <div class=\"portfolio-item-image\" data-style=\"background-image: url(https:\/\/www.magnioferta.pt\/wp-content\/uploads\/2019\/03\/big_WP_000728-min.jpg);\"><\/div>\r\n\t    <div class=\"portfolio-item-bg\"><\/div>\r\n\t    <div class=\"info\">\r\n\t      <span class=\"sub-title\">Magnioferta Angola<\/span>\r\n\t      <h4 class=\"title\">Ba\u00eda de Luanda<\/h4>\r\n\t      \t      \t      <div class=\"view-more btn mgt-button\">View more<\/div>\r\n\t  \t  \t    <\/div>\r\n\t  <\/a>\r\n\t<\/div>\r\n\t<\/div>\r\n\t\t<div class=\"portfolio-item-block portfolio-item-animation-0 mix magnioferta-portugal\" data-item=\"3\" data-name=\"Constrope\">\r\n\t<div class=\"portfolio-item-block-inside\">\r\n\t  <a href=\"https:\/\/www.magnioferta.pt\/index.php\/project\/varge-mondar-constrope\/\" target=\"_self\" rel=\"\" title=\"Constrope\">\r\n\t    <div class=\"portfolio-item-image\" data-style=\"background-image: url(https:\/\/www.magnioferta.pt\/wp-content\/uploads\/2019\/03\/big_06082010018-min.jpg);\"><\/div>\r\n\t    <div class=\"portfolio-item-bg\"><\/div>\r\n\t    <div class=\"info\">\r\n\t      <span class=\"sub-title\">Magnioferta Portugal<\/span>\r\n\t      <h4 class=\"title\">Constrope<\/h4>\r\n\t      \t      \t      <div class=\"view-more btn mgt-button\">View more<\/div>\r\n\t  \t  \t    <\/div>\r\n\t  <\/a>\r\n\t<\/div>\r\n\t<\/div>\r\n\t\t<div class=\"portfolio-item-block portfolio-item-animation-0 mix magnioferta-portugal\" data-item=\"1\" data-name=\"Barragem da Venda Nova III &#8211; Tecnasol\">\r\n\t<div class=\"portfolio-item-block-inside\">\r\n\t  <a href=\"https:\/\/www.magnioferta.pt\/index.php\/project\/barragem-da-venda-nova-iii-tecnasol\/\" target=\"_self\" rel=\"\" title=\"Barragem da Venda Nova III &#8211; Tecnasol\">\r\n\t    <div class=\"portfolio-item-image\" data-style=\"background-image: url(https:\/\/www.magnioferta.pt\/wp-content\/uploads\/2019\/03\/big_bvn4-min.jpg);\"><\/div>\r\n\t    <div class=\"portfolio-item-bg\"><\/div>\r\n\t    <div class=\"info\">\r\n\t      <span class=\"sub-title\">Magnioferta Portugal<\/span>\r\n\t      <h4 class=\"title\">Barragem da Venda Nova III &#8211; Tecnasol<\/h4>\r\n\t      \t      \t      <div class=\"view-more btn mgt-button\">View more<\/div>\r\n\t  \t  \t    <\/div>\r\n\t  <\/a>\r\n\t<\/div>\r\n\t<\/div>\r\n\t\t<div class=\"portfolio-item-block portfolio-item-animation-0 mix magnioferta-portugal\" data-item=\"2\" data-name=\"Execu\u00e7\u00e3o de alvenaria, reboco e pintura em barragem\">\r\n\t<div class=\"portfolio-item-block-inside\">\r\n\t  <a href=\"https:\/\/www.magnioferta.pt\/index.php\/project\/execucao-de-alvenaria-reboco-e-pintura-em-barragem\/\" target=\"_self\" rel=\"\" title=\"Execu\u00e7\u00e3o de alvenaria, reboco e pintura em barragem\">\r\n\t    <div class=\"portfolio-item-image\" data-style=\"background-image: url(https:\/\/www.magnioferta.pt\/wp-content\/uploads\/2019\/05\/big_CIMG2608.jpg);\"><\/div>\r\n\t    <div class=\"portfolio-item-bg\"><\/div>\r\n\t    <div class=\"info\">\r\n\t      <span class=\"sub-title\">Magnioferta Portugal<\/span>\r\n\t      <h4 class=\"title\">Execu\u00e7\u00e3o de alvenaria, reboco e pintura em barragem<\/h4>\r\n\t      \t      \t      <div class=\"view-more btn mgt-button\">View more<\/div>\r\n\t  \t  \t    <\/div>\r\n\t  <\/a>\r\n\t<\/div>\r\n\t<\/div>\r\n\t\t<div class=\"portfolio-item-block portfolio-item-animation-0 mix magnioferta-portugal\" data-item=\"3\" data-name=\"Recupera\u00e7\u00e3o do forte, Praia da Consola\u00e7\u00e3o em Peniche\">\r\n\t<div class=\"portfolio-item-block-inside\">\r\n\t  <a href=\"https:\/\/www.magnioferta.pt\/index.php\/project\/recuperacao-do-forte-praia-da-consolacao-em-peniche\/\" target=\"_self\" rel=\"\" title=\"Recupera\u00e7\u00e3o do forte, Praia da Consola\u00e7\u00e3o em Peniche\">\r\n\t    <div class=\"portfolio-item-image\" data-style=\"background-image: url(https:\/\/www.magnioferta.pt\/wp-content\/uploads\/2019\/05\/big_constru_C3_A7_C3_A3o_20moradia_20em_20Belas_20_284_29.jpg);\"><\/div>\r\n\t    <div class=\"portfolio-item-bg\"><\/div>\r\n\t    <div class=\"info\">\r\n\t      <span class=\"sub-title\">Magnioferta Portugal<\/span>\r\n\t      <h4 class=\"title\">Recupera\u00e7\u00e3o do forte, Praia da Consola\u00e7\u00e3o em Peniche<\/h4>\r\n\t      \t      \t      <div class=\"view-more btn mgt-button\">View more<\/div>\r\n\t  \t  \t    <\/div>\r\n\t  <\/a>\r\n\t<\/div>\r\n\t<\/div>\r\n\t\t<div class=\"portfolio-item-block portfolio-item-animation-0 mix magnioferta-portugal\" data-item=\"1\" data-name=\"Forma\u00e7\u00e3o\">\r\n\t<div class=\"portfolio-item-block-inside\">\r\n\t  <a href=\"https:\/\/www.magnioferta.pt\/index.php\/project\/formacao\/\" target=\"_self\" rel=\"\" title=\"Forma\u00e7\u00e3o\">\r\n\t    <div class=\"portfolio-item-image\" data-style=\"background-image: url(https:\/\/www.magnioferta.pt\/wp-content\/uploads\/2019\/05\/big_CIMG2582.jpg);\"><\/div>\r\n\t    <div class=\"portfolio-item-bg\"><\/div>\r\n\t    <div class=\"info\">\r\n\t      <span class=\"sub-title\">Magnioferta Portugal<\/span>\r\n\t      <h4 class=\"title\">Forma\u00e7\u00e3o<\/h4>\r\n\t      \t      \t      <div class=\"view-more btn mgt-button\">View more<\/div>\r\n\t  \t  \t    <\/div>\r\n\t  <\/a>\r\n\t<\/div>\r\n\t<\/div>\r\n\t\t<div class=\"portfolio-item-block portfolio-item-animation-0 mix magnioferta-portugal\" data-item=\"2\" data-name=\"Hotel Rosa Araujo &#8211; Lisboa\">\r\n\t<div class=\"portfolio-item-block-inside\">\r\n\t  <a href=\"https:\/\/www.magnioferta.pt\/index.php\/project\/hotel-rosa-araujo-lisboa\/\" target=\"_self\" rel=\"\" title=\"Hotel Rosa Araujo &#8211; Lisboa\">\r\n\t    <div class=\"portfolio-item-image\" data-style=\"background-image: url(https:\/\/www.magnioferta.pt\/wp-content\/uploads\/2019\/05\/big_CIMG2481.jpg);\"><\/div>\r\n\t    <div class=\"portfolio-item-bg\"><\/div>\r\n\t    <div class=\"info\">\r\n\t      <span class=\"sub-title\">Magnioferta Portugal<\/span>\r\n\t      <h4 class=\"title\">Hotel Rosa Araujo &#8211; Lisboa<\/h4>\r\n\t      \t      \t      <div class=\"view-more btn mgt-button\">View more<\/div>\r\n\t  \t  \t    <\/div>\r\n\t  <\/a>\r\n\t<\/div>\r\n\t<\/div>\r\n\t\t<div class=\"portfolio-item-block portfolio-item-animation-0 mix magnioferta-angola\" data-item=\"3\" data-name=\"Odebrecht\">\r\n\t<div class=\"portfolio-item-block-inside\">\r\n\t  <a href=\"https:\/\/www.magnioferta.pt\/index.php\/project\/odebrecht\/\" target=\"_self\" rel=\"\" title=\"Odebrecht\">\r\n\t    <div class=\"portfolio-item-image\" data-style=\"background-image: url(https:\/\/www.magnioferta.pt\/wp-content\/uploads\/2019\/05\/big_DSC_0485.jpg);\"><\/div>\r\n\t    <div class=\"portfolio-item-bg\"><\/div>\r\n\t    <div class=\"info\">\r\n\t      <span class=\"sub-title\">Magnioferta Angola<\/span>\r\n\t      <h4 class=\"title\">Odebrecht<\/h4>\r\n\t      \t      \t      <div class=\"view-more btn mgt-button\">View more<\/div>\r\n\t  \t  \t    <\/div>\r\n\t  <\/a>\r\n\t<\/div>\r\n\t<\/div>\r\n\t\t<div class=\"portfolio-item-block portfolio-item-animation-0 mix magnioferta-portugal\" data-item=\"1\" data-name=\"Instala\u00e7\u00f5es do futuro centro de Artes da EDP &#8211; Lisboa\">\r\n\t<div class=\"portfolio-item-block-inside\">\r\n\t  <a href=\"https:\/\/www.magnioferta.pt\/index.php\/project\/instalacoes-do-futuro-centro-de-artes-da-edp-lisboa\/\" target=\"_self\" rel=\"\" title=\"Instala\u00e7\u00f5es do futuro centro de Artes da EDP &#8211; Lisboa\">\r\n\t    <div class=\"portfolio-item-image\" data-style=\"background-image: url(https:\/\/www.magnioferta.pt\/wp-content\/uploads\/2019\/05\/big_CIMG2476.jpg);\"><\/div>\r\n\t    <div class=\"portfolio-item-bg\"><\/div>\r\n\t    <div class=\"info\">\r\n\t      <span class=\"sub-title\">Magnioferta Portugal<\/span>\r\n\t      <h4 class=\"title\">Instala\u00e7\u00f5es do futuro centro de Artes da EDP &#8211; Lisboa<\/h4>\r\n\t      \t      \t      <div class=\"view-more btn mgt-button\">View more<\/div>\r\n\t  \t  \t    <\/div>\r\n\t  <\/a>\r\n\t<\/div>\r\n\t<\/div>\r\n\t\t<div class=\"portfolio-item-block portfolio-item-animation-0 mix magnioferta-portugal\" data-item=\"2\" data-name=\"Moradia em Oeiras\">\r\n\t<div class=\"portfolio-item-block-inside\">\r\n\t  <a href=\"https:\/\/www.magnioferta.pt\/index.php\/project\/moradia-em-oeiras\/\" target=\"_self\" rel=\"\" title=\"Moradia em Oeiras\">\r\n\t    <div class=\"portfolio-item-image\" data-style=\"background-image: url(https:\/\/www.magnioferta.pt\/wp-content\/uploads\/2019\/05\/big_2013-03-27_2016_24_56.jpg);\"><\/div>\r\n\t    <div class=\"portfolio-item-bg\"><\/div>\r\n\t    <div class=\"info\">\r\n\t      <span class=\"sub-title\">Magnioferta Portugal<\/span>\r\n\t      <h4 class=\"title\">Moradia em Oeiras<\/h4>\r\n\t      \t      \t      <div class=\"view-more btn mgt-button\">View more<\/div>\r\n\t  \t  \t    <\/div>\r\n\t  <\/a>\r\n\t<\/div>\r\n\t<\/div>\r\n\t\t<div class=\"portfolio-item-block portfolio-item-animation-0 mix magnioferta-angola\" data-item=\"3\" data-name=\"Loupacle\">\r\n\t<div class=\"portfolio-item-block-inside\">\r\n\t  <a href=\"https:\/\/www.magnioferta.pt\/index.php\/project\/loupacle\/\" target=\"_self\" rel=\"\" title=\"Loupacle\">\r\n\t    <div class=\"portfolio-item-image\" data-style=\"background-image: url(https:\/\/www.magnioferta.pt\/wp-content\/uploads\/2019\/05\/big_DSCF0135.jpg);\"><\/div>\r\n\t    <div class=\"portfolio-item-bg\"><\/div>\r\n\t    <div class=\"info\">\r\n\t      <span class=\"sub-title\">Magnioferta Angola<\/span>\r\n\t      <h4 class=\"title\">Loupacle<\/h4>\r\n\t      \t      \t      <div class=\"view-more btn mgt-button\">View more<\/div>\r\n\t  \t  \t    <\/div>\r\n\t  <\/a>\r\n\t<\/div>\r\n\t<\/div>\r\n\t\t         \r\n\t\r\n\t<\/div>\r\n\r\n\r\n<script>(function($){\r\n\t    $(document).ready(function() {\r\n\r\n\t\t    $(\"#portfolio-list\").mixItUp({effects:[\"fade\",\"scale\"],easing:\"snap\"});\r\n\r\n\t    });})(jQuery);<\/script>[vc_empty_space][\/vc_column][\/vc_row][vc_row css=&#8221;.vc_custom_1459500687188{margin-bottom: 50px !important;}&#8221;][vc_column]<div class=\"mgt-cta-block clearfix parallax black-text with-text wpb_content_element\" data-style=\"background-color: #f4f4f4;\"><div class=\"mgt-button-wrapper mgt-button-wrapper-align-right mgt-button-wrapper-display-newline mgt-button-top-margin-disable\"><a class=\"btn hvr-bounce-to-right mgt-button mgt-style-solid-invert mgt-size-normal mgt-align-right mgt-display-newline mgt-text-size-normal mgt-button-icon-position-left mgt-text-transform-uppercase \" href=\"http:\/\/www.magnioferta.pt\/index.php\/contactos\/\">FALE CONNOSCO<\/a><\/div><h5 class=\"mgt-cta-block-header\">MAGNIOFERTA<\/h5><div class=\"mgt-cta-block-content\"><span style=\"color: #3baeff\">EMPRESA DE TRABALHO TEMPOR\u00c1RIO<\/span><\/div><\/div>[\/vc_column][\/vc_row]<\/p>\n<\/section>","protected":false},"excerpt":{"rendered":"<p>[vc_row][vc_column][vc_empty_space][\/vc_column][\/vc_row][vc_row css=&#8221;.vc_custom_1459500687188{margin-bottom: 50px !important;}&#8221;][vc_column][\/vc_column][\/vc_row]<\/p>\n","protected":false},"author":1,"featured_media":0,"parent":0,"menu_order":0,"comment_status":"closed","ping_status":"closed","template":"","meta":{"footnotes":""},"_links":{"self":[{"href":"https:\/\/www.magnioferta.pt\/index.php\/wp-json\/wp\/v2\/pages\/3224"}],"collection":[{"href":"https:\/\/www.magnioferta.pt\/index.php\/wp-json\/wp\/v2\/pages"}],"about":[{"href":"https:\/\/www.magnioferta.pt\/index.php\/wp-json\/wp\/v2\/types\/page"}],"author":[{"embeddable":true,"href":"https:\/\/www.magnioferta.pt\/index.php\/wp-json\/wp\/v2\/users\/1"}],"replies":[{"embeddable":true,"href":"https:\/\/www.magnioferta.pt\/index.php\/wp-json\/wp\/v2\/comments?post=3224"}],"version-history":[{"count":5,"href":"https:\/\/www.magnioferta.pt\/index.php\/wp-json\/wp\/v2\/pages\/3224\/revisions"}],"predecessor-version":[{"id":3327,"href":"https:\/\/www.magnioferta.pt\/index.php\/wp-json\/wp\/v2\/pages\/3224\/revisions\/3327"}],"wp:attachment":[{"href":"https:\/\/www.magnioferta.pt\/index.php\/wp-json\/wp\/v2\/media?parent=3224"}],"curies":[{"name":"wp","href":"https:\/\/api.w.org\/{rel}","templated":true}]}}